{"id":305,"date":"2025-01-06T11:18:37","date_gmt":"2025-01-06T11:18:37","guid":{"rendered":"https:\/\/developmentserver02.com\/flu-summit\/?page_id=305"},"modified":"2026-01-26T16:51:04","modified_gmt":"2026-01-26T16:51:04","slug":"2025-2","status":"publish","type":"page","link":"https:\/\/developmentserver02.com\/flu-summit\/","title":{"rendered":"2025"},"content":{"rendered":"[vc_row][vc_column][vc_single_image image=&#8221;306&#8243; alignment=&#8221;center&#8221;][\/vc_column][\/vc_row][vc_row disable_element=&#8221;yes&#8221;][vc_column][vc_column_text text_align=&#8221;center&#8221; font_family=&#8221;Roboto&#8221; color=&#8221;#0a0a0a&#8221; font_size=&#8221;20px&#8221; font_weight=&#8221;200&#8243; css=&#8221;.vc_custom_1648739308616{margin-bottom: 30px !important;}&#8221;]\n<p style=\"text-align: center;\">As inscri\u00e7\u00f5es encontram-se encerradas.<br \/>\nObrigado.[\/vc_column_text][\/vc_column][\/vc_row][vc_row remove_bottom_col_margin=&#8221;true&#8221;][vc_column][vc_column_text text_align=&#8221;center&#8221; font_family=&#8221;Roboto&#8221; color=&#8221;#0a0a0a&#8221; font_size=&#8221;30px&#8221; font_weight=&#8221;200&#8243; css=&#8221;.vc_custom_1674472142238{margin-bottom: 30px !important;}&#8221;]\n<p style=\"text-align: center;\">Inscri\u00e7\u00e3o X Simp\u00f3sio Doen\u00e7as Raras Sintomas Comuns<\/p>\n[\/vc_column_text][vc_column_text text_align=&#8221;center&#8221; font_family=&#8221;Roboto&#8221; color=&#8221;#0a0a0a&#8221; font_size=&#8221;30px&#8221; font_weight=&#8221;200&#8243; css=&#8221;.vc_custom_1676646733903{margin-bottom: 10px !important;}&#8221;]\n<p style=\"text-align: center;\">Inscri\u00e7\u00e3o Flu Summit<\/p>\n[\/vc_column_text]<div class=\"theme-button-wrap textcenter wpex-clr\"><a id=\"agenda-botao\" href=\"https:\/\/developmentserver02.com\/flu-summit\/wp-content\/uploads\/2025\/02\/FLU-SUMMIT-Agenda-A4_9.pdf\" class=\"vcex-button theme-button align-center inline\"><span class=\"theme-button-inner\">Agenda<\/span><\/a><\/div> \n<div class=\"wpcf7 no-js\" id=\"wpcf7-f303-o1\" lang=\"pt-PT\" dir=\"ltr\">\n<div class=\"screen-reader-response\"><p role=\"status\" aria-live=\"polite\" aria-atomic=\"true\"><\/p> <ul><\/ul><\/div>\n<form action=\"\/flu-summit\/wp-json\/wp\/v2\/pages\/305#wpcf7-f303-o1\" method=\"post\" class=\"wpcf7-form init\" aria-label=\"Contact form\" novalidate=\"novalidate\" data-status=\"init\">\n<div style=\"display: none;\">\n<input type=\"hidden\" name=\"_wpcf7\" value=\"303\" \/>\n<input type=\"hidden\" name=\"_wpcf7_version\" value=\"5.7.3\" \/>\n<input type=\"hidden\" name=\"_wpcf7_locale\" value=\"pt_PT\" \/>\n<input type=\"hidden\" name=\"_wpcf7_unit_tag\" value=\"wpcf7-f303-o1\" \/>\n<input type=\"hidden\" name=\"_wpcf7_container_post\" value=\"0\" \/>\n<input type=\"hidden\" name=\"_wpcf7_posted_data_hash\" value=\"\" \/>\n<\/div>\n<p><label> O seu nome<br \/>\n<span class=\"wpcf7-form-control-wrap\" data-name=\"nome\"><input size=\"40\" class=\"wpcf7-form-control wpcf7-text wpcf7-validates-as-required\" autocomplete=\"name\" aria-required=\"true\" aria-invalid=\"false\" value=\"\" type=\"text\" name=\"nome\" \/><\/span> <\/label>\n<\/p>\n<p><label> Local de Trabalho<br \/>\n<span class=\"wpcf7-form-control-wrap\" data-name=\"local_trabalho\"><input size=\"40\" class=\"wpcf7-form-control wpcf7-text wpcf7-validates-as-required\" autocomplete=\"localdetrabalho\" aria-required=\"true\" aria-invalid=\"false\" value=\"\" type=\"text\" name=\"local_trabalho\" \/><\/span> <\/label>\n<\/p>\n<p><label> O seu email<br \/>\n<span class=\"wpcf7-form-control-wrap\" data-name=\"email\"><input size=\"40\" class=\"wpcf7-form-control wpcf7-text wpcf7-email wpcf7-validates-as-required wpcf7-validates-as-email\" autocomplete=\"email\" aria-required=\"true\" aria-invalid=\"false\" value=\"\" type=\"email\" name=\"email\" \/><\/span> <\/label>\n<\/p>\n<p><label> Confirma a sua presen\u00e7a?<br \/>\n<span class=\"wpcf7-form-control-wrap\" data-name=\"confirma\"><span class=\"wpcf7-form-control wpcf7-radio\"><span class=\"wpcf7-list-item first\"><label><span class=\"wpcf7-list-item-label\">Sim<\/span><input type=\"radio\" name=\"confirma\" value=\"Sim\" checked=\"checked\" tabindex=\"\" \/><\/label><\/span><span class=\"wpcf7-list-item last\"><label><span class=\"wpcf7-list-item-label\">N\u00e3o<\/span><input type=\"radio\" name=\"confirma\" value=\"N\u00e3o\" tabindex=\"\" \/><\/label><\/span><\/span><\/span> <\/label>\n<\/p>\n<p class=\"caso\">Caso tenha alguma quest\u00e3o adicional por favor contacte-nos atrav\u00e9s do e-mail: <a href=\"mailto:Comunicacao.Portugal@sanofi.com\">Comunicacao.Portugal@sanofi.com<\/a>\n<\/p>\n<p><label><span class=\"wpcf7-form-control-wrap\" data-name=\"aceito\"><span class=\"wpcf7-form-control wpcf7-acceptance\"><span class=\"wpcf7-list-item\"><label><input type=\"checkbox\" name=\"aceito\" value=\"1\" aria-invalid=\"false\" \/><span class=\"wpcf7-list-item-label\">SIM, autorizo comunica\u00e7\u00f5es referentes ao Flu Summit por parte da Sanofi \u2013 Produtos Farmaceuticos, Lda* **<\/span><\/label><\/span><\/span><\/span><\/label>\n<\/p>\n<p>*Campo de preenchimento obrigat\u00f3rio<br \/>\n**Recordamos que tem o direito de acesso, retifica\u00e7\u00e3o, apagamento e\/ou limita\u00e7\u00e3o do tratamento dos seus dados pessoais, assim como solicitar a portabilidade, se aplic\u00e1vel. Para este efeito, dever\u00e1 remeter a solicita\u00e7\u00e3o, por escrito, acompanhado por c\u00f3pia do seu Cart\u00e3o de Cidad\u00e3o (CC) (ou outro documento v\u00e1lido que permita comprovar a sua identidade) dirigida \u00e0 Sanofi \u2013 Produtos Farmac\u00eauticos Lda., Lagoas Park, Edificio 7- 3\u00baPiso, 2740-244 Porto Salvo, ou envio de um correio eletr\u00f3nico para o seguinte e-mail: <a href=\"mailto:pt-dados-pessoais@sanofi.com\">pt-dados-pessoais@sanofi.com<\/a>\n<\/p>\n<p>Consulte <a href=\"https:\/\/www.sanofi.com\/en\/privacy-and-data-protection\">aqui<\/a> a nossa pol\u00edtica de privacidade\n<\/p>\n<p>MAT-PT-2400762-1.0-02\/2025\n<\/p>\n<p><input class=\"wpcf7-form-control has-spinner wpcf7-submit\" type=\"submit\" value=\"Submeter\" \/>\n<\/p><p style=\"display: none !important;\"><label>&#916;<textarea name=\"_wpcf7_ak_hp_textarea\" cols=\"45\" rows=\"8\" maxlength=\"100\"><\/textarea><\/label><input type=\"hidden\" id=\"ak_js_1\" name=\"_wpcf7_ak_js\" value=\"141\"\/><script>document.getElementById( \"ak_js_1\" ).setAttribute( \"value\", ( new Date() ).getTime() );<\/script><\/p><div class=\"wpcf7-response-output\" aria-hidden=\"true\"><\/div>\n<\/form>\n<\/div>\n[\/vc_column][\/vc_row][vc_row disable_element=&#8221;yes&#8221;][vc_column][vc_column_text css=&#8221;.vc_custom_1676646934865{margin-top: 10px !important;}&#8221;]\n<p style=\"text-align: left; margin-bottom: 0px;\">Notas:<\/p>\n<ul>\n<li style=\"text-align: left;\">EVENTO EXCLUSIVO PARA PROFISSIONAIS DE SA\u00daDE<\/li>\n<li style=\"text-align: left;\">Evento limitado \u00e0 lota\u00e7\u00e3o do espa\u00e7o<\/li>\n<li style=\"text-align: left;\">Convite e inscri\u00e7\u00e3o intransmiss\u00edveis<\/li>\n<\/ul>\n[\/vc_column_text][\/vc_column][\/vc_row]\n","protected":false},"excerpt":{"rendered":"<p>[vc_row][vc_column][vc_single_image image=&#8221;306&#8243; alignment=&#8221;center&#8221;][\/vc_column][\/vc_row][vc_row disable_element=&#8221;yes&#8221;][vc_column][vc_column_text text_align=&#8221;center&#8221; font_family=&#8221;Roboto&#8221; color=&#8221;#0a0a0a&#8221; font_size=&#8221;20px&#8221; font_weight=&#8221;200&#8243; css=&#8221;.vc_custom_1648739308616{margin-bottom: 30px !important;}&#8221;] As inscri\u00e7\u00f5es encontram-se encerradas. Obrigado.[\/vc_column_text][\/vc_column][\/vc_row][vc_row remove_bottom_col_margin=&#8221;true&#8221;][vc_column][vc_column_text text_align=&#8221;center&#8221; font_family=&#8221;Roboto&#8221; color=&#8221;#0a0a0a&#8221; font_size=&#8221;30px&#8221; font_weight=&#8221;200&#8243; css=&#8221;.vc_custom_1674472142238{margin-bottom: 30px !important;}&#8221;] Inscri\u00e7\u00e3o X Simp\u00f3sio Doen\u00e7as Raras Sintomas Comuns [\/vc_column_text][vc_column_text text_align=&#8221;center&#8221; font_family=&#8221;Roboto&#8221; color=&#8221;#0a0a0a&#8221; font_size=&#8221;30px&#8221; font_weight=&#8221;200&#8243; css=&#8221;.vc_custom_1676646733903{margin-bottom: 10px !important;}&#8221;] Inscri\u00e7\u00e3o Flu Summit [\/vc_column_text][\/vc_column][\/vc_row][vc_row disable_element=&#8221;yes&#8221;][vc_column][vc_column_text css=&#8221;.vc_custom_1676646934865{margin-top: 10px !important;}&#8221;] Notas: EVENTO EXCLUSIVO PARA PROFISSIONAIS&hellip;<\/p>\n","protected":false},"author":1,"featured_media":0,"parent":0,"menu_order":0,"comment_status":"closed","ping_status":"closed","template":"","meta":{"footnotes":""},"class_list":["post-305","page","type-page","status-publish","hentry","entry","no-media"],"_links":{"self":[{"href":"https:\/\/developmentserver02.com\/flu-summit\/wp-json\/wp\/v2\/pages\/305","targetHints":{"allow":["GET"]}}],"collection":[{"href":"https:\/\/developmentserver02.com\/flu-summit\/wp-json\/wp\/v2\/pages"}],"about":[{"href":"https:\/\/developmentserver02.com\/flu-summit\/wp-json\/wp\/v2\/types\/page"}],"author":[{"embeddable":true,"href":"https:\/\/developmentserver02.com\/flu-summit\/wp-json\/wp\/v2\/users\/1"}],"replies":[{"embeddable":true,"href":"https:\/\/developmentserver02.com\/flu-summit\/wp-json\/wp\/v2\/comments?post=305"}],"version-history":[{"count":7,"href":"https:\/\/developmentserver02.com\/flu-summit\/wp-json\/wp\/v2\/pages\/305\/revisions"}],"predecessor-version":[{"id":336,"href":"https:\/\/developmentserver02.com\/flu-summit\/wp-json\/wp\/v2\/pages\/305\/revisions\/336"}],"wp:attachment":[{"href":"https:\/\/developmentserver02.com\/flu-summit\/wp-json\/wp\/v2\/media?parent=305"}],"curies":[{"name":"wp","href":"https:\/\/api.w.org\/{rel}","templated":true}]}}